{"id":4,"date":"2022-10-10T18:32:13","date_gmt":"2022-10-10T16:32:13","guid":{"rendered":"https:\/\/athastudio.com\/about-us\/"},"modified":"2024-07-24T15:37:52","modified_gmt":"2024-07-24T13:37:52","slug":"about-us","status":"publish","type":"page","link":"https:\/\/athastudio.com\/fr\/about-us\/","title":{"rendered":"L'\u00e9quipe"},"content":{"rendered":"<div class=\"wp-block-group alignfull has-background is-layout-constrained wp-block-group-is-layout-constrained\" style=\"background-color:#ede9e4\">\n<div class=\"wp-block-cover alignfull is-light\" style=\"min-height:455px;aspect-ratio:unset;\"><span aria-hidden=\"true\" class=\"wp-block-cover__background has-background-dim-30 has-background-dim\"><\/span><img data-recalc-dims=\"1\" loading=\"lazy\" decoding=\"async\" width=\"2048\" height=\"1365\" data-attachment-id=\"489\" data-permalink=\"https:\/\/athastudio.com\/fr\/photography\/dscf2300\/\" data-orig-file=\"https:\/\/i0.wp.com\/athastudio.com\/wp-content\/uploads\/2023\/02\/dscf2300.jpg?fit=2048%2C1365&amp;ssl=1\" data-orig-size=\"2048,1365\" data-comments-opened=\"1\" data-image-meta=\"{&quot;aperture&quot;:&quot;5.6&quot;,&quot;credit&quot;:&quot;&quot;,&quot;camera&quot;:&quot;X-T3&quot;,&quot;caption&quot;:&quot;&quot;,&quot;created_timestamp&quot;:&quot;1600107538&quot;,&quot;copyright&quot;:&quot;&quot;,&quot;focal_length&quot;:&quot;35&quot;,&quot;iso&quot;:&quot;400&quot;,&quot;shutter_speed&quot;:&quot;0.016666666666667&quot;,&quot;title&quot;:&quot;&quot;,&quot;orientation&quot;:&quot;0&quot;}\" data-image-title=\"DSCF2300\" data-image-description=\"\" data-image-caption=\"\" data-large-file=\"https:\/\/i0.wp.com\/athastudio.com\/wp-content\/uploads\/2023\/02\/dscf2300.jpg?fit=1024%2C683&amp;ssl=1\" class=\"wp-block-cover__image-background wp-image-489\" alt=\"\" src=\"https:\/\/i0.wp.com\/athastudio.com\/wp-content\/uploads\/2023\/02\/dscf2300.jpg?resize=2048%2C1365&#038;ssl=1\" style=\"object-position:50% 34%\" data-object-fit=\"cover\" data-object-position=\"50% 34%\"\/><div class=\"wp-block-cover__inner-container is-layout-flow wp-block-cover-is-layout-flow\">\n<h2 class=\"wp-block-heading has-text-align-center has-text-color\" style=\"color:#ede9e4\"><strong>ATHA <em>(Alpha Theta Alpha)<\/em> Studio<\/strong><\/h2>\n<\/div><\/div>\n\n\n\n<div class=\"wp-block-group alignfull has-background is-layout-constrained wp-container-core-group-is-layout-af43ca64 wp-block-group-is-layout-constrained\" style=\"background-color:#19181a;padding-top:var(--wp--preset--spacing--80);padding-right:var(--wp--preset--spacing--80);padding-bottom:var(--wp--preset--spacing--80);padding-left:var(--wp--preset--spacing--80)\">\n<div style=\"height:15px\" aria-hidden=\"true\" class=\"wp-block-spacer\"><\/div>\n\n\n\n<div class=\"wp-block-jetpack-layout-grid alignfull column1-desktop-grid__span-2 column1-desktop-grid__row-1 column2-desktop-grid__span-8 column2-desktop-grid__start-3 column2-desktop-grid__row-1 column3-desktop-grid__span-2 column3-desktop-grid__start-11 column3-desktop-grid__row-1 column1-tablet-grid__span-1 column1-tablet-grid__row-1 column2-tablet-grid__span-6 column2-tablet-grid__start-2 column2-tablet-grid__row-1 column3-tablet-grid__span-1 column3-tablet-grid__start-8 column3-tablet-grid__row-1 column1-mobile-grid__span-4 column1-mobile-grid__row-1 column2-mobile-grid__span-4 column2-mobile-grid__row-2 column3-mobile-grid__span-4 column3-mobile-grid__row-3 wp-block-jetpack-layout-gutter__nowrap wp-block-jetpack-layout-gutter__small\">\n<div class=\"wp-block-jetpack-layout-grid-column wp-block-jetpack-layout-grid__padding-none\"><\/div>\n\n\n\n<div class=\"wp-block-jetpack-layout-grid-column wp-block-jetpack-layout-grid__padding-none\">\n<h1 class=\"wp-block-heading has-text-align-center has-text-color\" style=\"color:#ede9e4;margin-top:0;margin-right:0;margin-bottom:0;margin-left:0\"><strong>ATHA Studio<\/strong><\/h1>\n\n\n\n<p class=\"has-text-color wp-block-paragraph\" style=\"color:#ede9e4\">ATHA est le premier mot utilis\u00e9 par Patanjali dans les Yoga Sutras, qui est le livre de r\u00e9f\u00e9rence quand on parle de philosophie du Yoga. Cela signifie \"maintenant\", c'est une invitation \u00e0 \u00eatre pr\u00e9sent dans le \"ici\" et \"maintenant\". Le concept de \"maintenant\" pour nous est une expression de notre lien avec nos clients, notre histoire et notre lieu. Cela implique que nous accordons de l'importance \u00e0 \u00eatre pr\u00e9sents et connect\u00e9s \u00e0 l'excellence dans notre travail et connect\u00e9s aux besoins de nos clients.<\/p>\n\n\n\n<p class=\"has-text-color wp-block-paragraph\" style=\"color:#ede9e4\">Notre \u00e9quipe chez ATHA Studio rassemble l'intuition cr\u00e9ative, le souci du d\u00e9tail et l'expertise technique pour produire une production vid\u00e9o et photographique de la plus haute qualit\u00e9. Vous pouvez \u00eatre s\u00fbrs que nous nous efforcerons de produire un travail d'exception.<\/p>\n<\/div>\n\n\n\n<div class=\"wp-block-jetpack-layout-grid-column wp-block-jetpack-layout-grid__padding-none\"><\/div>\n<\/div>\n<\/div>\n\n\n\n<div style=\"height:14px\" aria-hidden=\"true\" class=\"wp-block-spacer\"><\/div>\n\n\n\n<div class=\"wp-block-group alignfull is-layout-constrained wp-container-core-group-is-layout-5c34035d wp-block-group-is-layout-constrained\" style=\"margin-top:0;margin-bottom:0;padding-top:var(--wp--preset--spacing--60);padding-right:var(--wp--preset--spacing--60);padding-bottom:var(--wp--preset--spacing--60);padding-left:var(--wp--preset--spacing--60)\">\n<div class=\"wp-block-jetpack-layout-grid alignfull column1-desktop-grid__span-2 column1-desktop-grid__row-1 column2-desktop-grid__span-8 column2-desktop-grid__start-3 column2-desktop-grid__row-1 column3-desktop-grid__span-2 column3-desktop-grid__start-11 column3-desktop-grid__row-1 column1-tablet-grid__span-4 column1-tablet-grid__row-1 column2-tablet-grid__span-4 column2-tablet-grid__start-5 column2-tablet-grid__row-1 column3-tablet-grid__span-8 column3-tablet-grid__row-2 column1-mobile-grid__span-4 column1-mobile-grid__row-1 column2-mobile-grid__span-4 column2-mobile-grid__row-2 column3-mobile-grid__span-4 column3-mobile-grid__row-3\">\n<div class=\"wp-block-jetpack-layout-grid-column wp-block-jetpack-layout-grid__padding-none\"><\/div>\n\n\n\n<div class=\"wp-block-jetpack-layout-grid-column wp-block-jetpack-layout-grid__padding-none\">\n<h1 class=\"wp-block-heading has-text-align-center\" style=\"margin-top:0;margin-right:0;margin-bottom:0;margin-left:0\"><strong>Notre \u00e9quipe<\/strong><\/h1>\n<\/div>\n\n\n\n<div class=\"wp-block-jetpack-layout-grid-column wp-block-jetpack-layout-grid__padding-none\"><\/div>\n<\/div>\n\n\n\n<div class=\"wp-block-jetpack-layout-grid alignfull column1-desktop-grid__span-5 column1-desktop-grid__start-2 column1-desktop-grid__row-1 column2-desktop-grid__span-5 column2-desktop-grid__start-7 column2-desktop-grid__row-1 column1-tablet-grid__span-4 column1-tablet-grid__row-1 column2-tablet-grid__span-4 column2-tablet-grid__start-5 column2-tablet-grid__row-1 column1-mobile-grid__span-4 column1-mobile-grid__row-1 column2-mobile-grid__span-4 column2-mobile-grid__row-2\">\n<div class=\"wp-block-jetpack-layout-grid-column wp-block-jetpack-layout-grid__padding-none\">\n<h3 class=\"wp-block-heading\">Nathan Dart<\/h3>\n\n\n\n<figure class=\"wp-block-image size-large\"><img data-recalc-dims=\"1\" loading=\"lazy\" decoding=\"async\" width=\"1024\" height=\"1024\" data-attachment-id=\"1858\" data-permalink=\"https:\/\/athastudio.com\/fr\/dsc01349\/\" data-orig-file=\"https:\/\/i0.wp.com\/athastudio.com\/wp-content\/uploads\/2024\/07\/DSC01349-2024841186-e1721828221300.jpg?fit=4130%2C4130&amp;ssl=1\" data-orig-size=\"4130,4130\" data-comments-opened=\"1\" data-image-meta=\"{&quot;aperture&quot;:&quot;0&quot;,&quot;credit&quot;:&quot;&quot;,&quot;camera&quot;:&quot;&quot;,&quot;caption&quot;:&quot;&quot;,&quot;created_timestamp&quot;:&quot;0&quot;,&quot;copyright&quot;:&quot;&quot;,&quot;focal_length&quot;:&quot;0&quot;,&quot;iso&quot;:&quot;0&quot;,&quot;shutter_speed&quot;:&quot;0&quot;,&quot;title&quot;:&quot;&quot;,&quot;orientation&quot;:&quot;0&quot;}\" data-image-title=\"DSC01349\" data-image-description=\"\" data-image-caption=\"\" data-large-file=\"https:\/\/i0.wp.com\/athastudio.com\/wp-content\/uploads\/2024\/07\/DSC01349-2024841186-e1721828221300.jpg?fit=1024%2C1024&amp;ssl=1\" src=\"https:\/\/i0.wp.com\/athastudio.com\/wp-content\/uploads\/2024\/07\/DSC01349-2024841186-e1721828221300-1024x1024.jpg?resize=1024%2C1024&#038;ssl=1\" alt=\"\" class=\"wp-image-1858\" srcset=\"https:\/\/i0.wp.com\/athastudio.com\/wp-content\/uploads\/2024\/07\/DSC01349-2024841186-e1721828221300.jpg?resize=1024%2C1024&amp;ssl=1 1024w, https:\/\/i0.wp.com\/athastudio.com\/wp-content\/uploads\/2024\/07\/DSC01349-2024841186-e1721828221300.jpg?resize=300%2C300&amp;ssl=1 300w, https:\/\/i0.wp.com\/athastudio.com\/wp-content\/uploads\/2024\/07\/DSC01349-2024841186-e1721828221300.jpg?resize=150%2C150&amp;ssl=1 150w, https:\/\/i0.wp.com\/athastudio.com\/wp-content\/uploads\/2024\/07\/DSC01349-2024841186-e1721828221300.jpg?resize=768%2C768&amp;ssl=1 768w, https:\/\/i0.wp.com\/athastudio.com\/wp-content\/uploads\/2024\/07\/DSC01349-2024841186-e1721828221300.jpg?resize=1536%2C1536&amp;ssl=1 1536w, https:\/\/i0.wp.com\/athastudio.com\/wp-content\/uploads\/2024\/07\/DSC01349-2024841186-e1721828221300.jpg?resize=2048%2C2048&amp;ssl=1 2048w, https:\/\/i0.wp.com\/athastudio.com\/wp-content\/uploads\/2024\/07\/DSC01349-2024841186-e1721828221300.jpg?resize=12%2C12&amp;ssl=1 12w, https:\/\/i0.wp.com\/athastudio.com\/wp-content\/uploads\/2024\/07\/DSC01349-2024841186-e1721828221300.jpg?resize=1200%2C1200&amp;ssl=1 1200w, https:\/\/i0.wp.com\/athastudio.com\/wp-content\/uploads\/2024\/07\/DSC01349-2024841186-e1721828221300.jpg?resize=800%2C800&amp;ssl=1 800w, https:\/\/i0.wp.com\/athastudio.com\/wp-content\/uploads\/2024\/07\/DSC01349-2024841186-e1721828221300.jpg?resize=600%2C600&amp;ssl=1 600w, https:\/\/i0.wp.com\/athastudio.com\/wp-content\/uploads\/2024\/07\/DSC01349-2024841186-e1721828221300.jpg?resize=400%2C400&amp;ssl=1 400w, https:\/\/i0.wp.com\/athastudio.com\/wp-content\/uploads\/2024\/07\/DSC01349-2024841186-e1721828221300.jpg?resize=200%2C200&amp;ssl=1 200w, https:\/\/i0.wp.com\/athastudio.com\/wp-content\/uploads\/2024\/07\/DSC01349-2024841186-e1721828221300.jpg?w=3000&amp;ssl=1 3000w\" sizes=\"auto, (max-width: 1000px) 100vw, 1000px\" \/><\/figure>\n\n\n\n<p class=\"wp-block-paragraph\">Avec plus de 13 ans d'exp\u00e9rience dans la communication, la vid\u00e9o et la production d'\u00e9v\u00e9nements, Nathan Dart a lanc\u00e9 sa soci\u00e9t\u00e9 de production vid\u00e9o australienne en 2019, StoryBoard Production Australia, r\u00e9alisant son premier long m\u00e9trage documentaire de 2020 \u00e0 2022 et travaillant \u00e9galement avec de grands clients nationaux tels que :<\/p>\n\n\n\n<ul class=\"wp-block-list\">\n<li>M\u00e9decins Sans Fronti\u00e8res Australia<\/li>\n\n\n\n<li>Oxfam Australia<\/li>\n\n\n\n<li>Australian Institute of Landscape Architects<\/li>\n\n\n\n<li>Donor Republic Australia<\/li>\n\n\n\n<li>Australian Men&#8217;s &amp; Mixed Netball<\/li>\n<\/ul>\n\n\n\n<p class=\"wp-block-paragraph\">D\u00e9sormais co-directeur d'ATHA Studio, Nathan souhaite apporter sa passion pour la narration visuelle et ses diverses comp\u00e9tences dans la production de films vid\u00e9o et documentaires en France.<\/p>\n\n\n\n<p class=\"wp-block-paragraph\">Quand il n'a pas sa cam\u00e9ra dans la main ou ne fait pas voler son drone, Nathan aime faire du v\u00e9lo, boire du caf\u00e9, manger de la nourriture fran\u00e7aise, apprendre de nouvelles choses et profiter de la nature.<\/p>\n<\/div>\n\n\n\n<div class=\"wp-block-jetpack-layout-grid-column wp-block-jetpack-layout-grid__padding-none\">\n<h3 class=\"wp-block-heading\">Agathe Vandermeir<\/h3>\n\n\n\n<figure class=\"wp-block-image size-large\"><img data-recalc-dims=\"1\" loading=\"lazy\" decoding=\"async\" width=\"1024\" height=\"1024\" data-attachment-id=\"1056\" data-permalink=\"https:\/\/athastudio.com\/fr\/about-us\/dsc01193-3\/\" data-orig-file=\"https:\/\/i0.wp.com\/athastudio.com\/wp-content\/uploads\/2023\/02\/DSC01193-3.jpg?fit=2048%2C2048&amp;ssl=1\" data-orig-size=\"2048,2048\" data-comments-opened=\"1\" data-image-meta=\"{&quot;aperture&quot;:&quot;3.2&quot;,&quot;credit&quot;:&quot;&quot;,&quot;camera&quot;:&quot;ILCE-7M4&quot;,&quot;caption&quot;:&quot;&quot;,&quot;created_timestamp&quot;:&quot;1653581709&quot;,&quot;copyright&quot;:&quot;&quot;,&quot;focal_length&quot;:&quot;70&quot;,&quot;iso&quot;:&quot;2000&quot;,&quot;shutter_speed&quot;:&quot;0.016666666666667&quot;,&quot;title&quot;:&quot;&quot;,&quot;orientation&quot;:&quot;0&quot;}\" data-image-title=\"DSC01193-3\" data-image-description=\"\" data-image-caption=\"\" data-large-file=\"https:\/\/i0.wp.com\/athastudio.com\/wp-content\/uploads\/2023\/02\/DSC01193-3.jpg?fit=1024%2C1024&amp;ssl=1\" src=\"https:\/\/i0.wp.com\/athastudio.com\/wp-content\/uploads\/2023\/02\/DSC01193-3.jpg?resize=1024%2C1024&#038;ssl=1\" alt=\"\" class=\"wp-image-1056\" srcset=\"https:\/\/i0.wp.com\/athastudio.com\/wp-content\/uploads\/2023\/02\/DSC01193-3.jpg?resize=1024%2C1024&amp;ssl=1 1024w, https:\/\/i0.wp.com\/athastudio.com\/wp-content\/uploads\/2023\/02\/DSC01193-3.jpg?resize=300%2C300&amp;ssl=1 300w, https:\/\/i0.wp.com\/athastudio.com\/wp-content\/uploads\/2023\/02\/DSC01193-3.jpg?resize=150%2C150&amp;ssl=1 150w, https:\/\/i0.wp.com\/athastudio.com\/wp-content\/uploads\/2023\/02\/DSC01193-3.jpg?resize=768%2C768&amp;ssl=1 768w, https:\/\/i0.wp.com\/athastudio.com\/wp-content\/uploads\/2023\/02\/DSC01193-3.jpg?resize=1536%2C1536&amp;ssl=1 1536w, https:\/\/i0.wp.com\/athastudio.com\/wp-content\/uploads\/2023\/02\/DSC01193-3.jpg?resize=12%2C12&amp;ssl=1 12w, https:\/\/i0.wp.com\/athastudio.com\/wp-content\/uploads\/2023\/02\/DSC01193-3.jpg?resize=1200%2C1200&amp;ssl=1 1200w, https:\/\/i0.wp.com\/athastudio.com\/wp-content\/uploads\/2023\/02\/DSC01193-3.jpg?resize=800%2C800&amp;ssl=1 800w, https:\/\/i0.wp.com\/athastudio.com\/wp-content\/uploads\/2023\/02\/DSC01193-3.jpg?resize=400%2C400&amp;ssl=1 400w, https:\/\/i0.wp.com\/athastudio.com\/wp-content\/uploads\/2023\/02\/DSC01193-3.jpg?resize=200%2C200&amp;ssl=1 200w, https:\/\/i0.wp.com\/athastudio.com\/wp-content\/uploads\/2023\/02\/DSC01193-3.jpg?w=2048&amp;ssl=1 2048w\" sizes=\"auto, (max-width: 1000px) 100vw, 1000px\" \/><\/figure>\n\n\n\n<p class=\"wp-block-paragraph\">En tant que photographe professionnelle de l'\u00e9quipe, Agathe a un sens aigu du d\u00e9tail et offre des r\u00e9sultats exceptionnels dans son travail. Ses images montrent une perspective diff\u00e9rente et racontent une histoire qui va au-del\u00e0 de l'image.<\/p>\n\n\n\n<p class=\"has-link-color wp-elements-dd70328ecea171305f4c7ef8a623dbee wp-block-paragraph\">Agathe s'est associ\u00e9e en tant que coproductrice avec Nathan Dart tout au long de 2020-2022 dans un documentaire sportif, <a href=\"http:\/\/www.risingtotheoccasion.com.au\"><em>Rising to the Occasion<\/em><\/a><em>,<\/em> qui sortira en Australie et dans la r\u00e9gion du Pacifique en 2023.<\/p>\n\n\n\n<p class=\"wp-block-paragraph\">En tant que franco-australienne, Agathe apporte une riche exp\u00e9rience personnelle et professionnelle \u00e0 travers les cultures et les langues, ce qui est essentiel pour travailler avec un \u00e9ventail de clients internationaux \u00e0 travers l'Europe. \u00c9galement titulaire d'un MBA, Agathe apporte ses solides comp\u00e9tences en gestion d'entreprise en veillant \u00e0 ce que nos clients soient trait\u00e9s de mani\u00e8re professionnelle et en g\u00e9rant les d\u00e9tails de nos productions.<\/p>\n\n\n\n<p class=\"wp-block-paragraph\">Quand elle ne prend pas de photos, Agathe aime faire du yoga, vivre au soleil, trouver de nouvelles recettes saines, rire aux \u00e9clats et boire du th\u00e9.<\/p>\n<\/div>\n<\/div>\n\n\n\n<div class=\"wp-block-buttons alignfull is-content-justification-center is-layout-flex wp-container-core-buttons-is-layout-aec23bef wp-block-buttons-is-layout-flex\">\n<div class=\"wp-block-button\"><a class=\"wp-block-button__link has-text-align-center wp-element-button\" href=\"https:\/\/athastudio.com\/fr\/contact\/\"><strong>Nous contacter<\/strong><\/a><\/div>\n<\/div>\n<\/div>\n<\/div>","protected":false},"excerpt":{"rendered":"<p>ATHA Studio ATHA is the first word used by Patanjali in the Yoga Sutras, which is the reference book when talking about Yoga philosophy. It means &#8220;now&#8221;, it is an invitation to be present in the &#8216;here&#8217; and &#8216;now&#8217;. The concept of &#8220;now&#8221; to us is an expression of our connection with our clients, story [&hellip;]<\/p>\n","protected":false},"author":226937930,"featured_media":0,"parent":0,"menu_order":0,"comment_status":"closed","ping_status":"closed","template":"header-footer-only","meta":{"_crdt_document":"","footnotes":""},"class_list":["post-4","page","type-page","status-publish","hentry"],"yoast_head":"<!-- This site is optimized with the Yoast SEO plugin v27.4 - https:\/\/yoast.com\/product\/yoast-seo-wordpress\/ -->\n<title>About Us -<\/title>\n<meta name=\"robots\" content=\"index, follow, max-snippet:-1, max-image-preview:large, max-video-preview:-1\" \/>\n<link rel=\"canonical\" href=\"https:\/\/athastudio.com\/fr\/about-us\/\" \/>\n<meta property=\"og:locale\" content=\"fr_FR\" \/>\n<meta property=\"og:type\" content=\"article\" \/>\n<meta property=\"og:title\" content=\"About Us -\" \/>\n<meta property=\"og:description\" content=\"ATHA Studio ATHA is the first word used by Patanjali in the Yoga Sutras, which is the reference book when talking about Yoga philosophy. It means &#8220;now&#8221;, it is an invitation to be present in the &#8216;here&#8217; and &#8216;now&#8217;. The concept of &#8220;now&#8221; to us is an expression of our connection with our clients, story [&hellip;]\" \/>\n<meta property=\"og:url\" content=\"https:\/\/athastudio.com\/fr\/about-us\/\" \/>\n<meta property=\"article:modified_time\" content=\"2024-07-24T13:37:52+00:00\" \/>\n<meta property=\"og:image\" content=\"https:\/\/athastudio.com\/wp-content\/uploads\/2023\/02\/dscf2300.jpg\" \/>\n<meta name=\"twitter:card\" content=\"summary_large_image\" \/>\n<meta name=\"twitter:label1\" content=\"Dur\u00e9e de lecture estim\u00e9e\" \/>\n\t<meta name=\"twitter:data1\" content=\"3 minutes\" \/>\n<script type=\"application\/ld+json\" class=\"yoast-schema-graph\">{\"@context\":\"https:\\\/\\\/schema.org\",\"@graph\":[{\"@type\":\"WebPage\",\"@id\":\"https:\\\/\\\/athastudio.com\\\/fr\\\/about-us\\\/\",\"url\":\"https:\\\/\\\/athastudio.com\\\/fr\\\/about-us\\\/\",\"name\":\"About Us -\",\"isPartOf\":{\"@id\":\"https:\\\/\\\/athastudio.com\\\/#website\"},\"primaryImageOfPage\":{\"@id\":\"https:\\\/\\\/athastudio.com\\\/fr\\\/about-us\\\/#primaryimage\"},\"image\":{\"@id\":\"https:\\\/\\\/athastudio.com\\\/fr\\\/about-us\\\/#primaryimage\"},\"thumbnailUrl\":\"https:\\\/\\\/athastudio.com\\\/wp-content\\\/uploads\\\/2023\\\/02\\\/dscf2300.jpg\",\"datePublished\":\"2022-10-10T16:32:13+00:00\",\"dateModified\":\"2024-07-24T13:37:52+00:00\",\"breadcrumb\":{\"@id\":\"https:\\\/\\\/athastudio.com\\\/fr\\\/about-us\\\/#breadcrumb\"},\"inLanguage\":\"fr-FR\",\"potentialAction\":[{\"@type\":\"ReadAction\",\"target\":[\"https:\\\/\\\/athastudio.com\\\/fr\\\/about-us\\\/\"]}]},{\"@type\":\"ImageObject\",\"inLanguage\":\"fr-FR\",\"@id\":\"https:\\\/\\\/athastudio.com\\\/fr\\\/about-us\\\/#primaryimage\",\"url\":\"https:\\\/\\\/athastudio.com\\\/wp-content\\\/uploads\\\/2023\\\/02\\\/dscf2300.jpg\",\"contentUrl\":\"https:\\\/\\\/athastudio.com\\\/wp-content\\\/uploads\\\/2023\\\/02\\\/dscf2300.jpg\"},{\"@type\":\"BreadcrumbList\",\"@id\":\"https:\\\/\\\/athastudio.com\\\/fr\\\/about-us\\\/#breadcrumb\",\"itemListElement\":[{\"@type\":\"ListItem\",\"position\":1,\"name\":\"Home\",\"item\":\"https:\\\/\\\/athastudio.com\\\/\"},{\"@type\":\"ListItem\",\"position\":2,\"name\":\"About Us\"}]},{\"@type\":\"WebSite\",\"@id\":\"https:\\\/\\\/athastudio.com\\\/#website\",\"url\":\"https:\\\/\\\/athastudio.com\\\/\",\"name\":\"ATHA Studio\",\"description\":\"ATHA Studio est une soci\u00e9t\u00e9 de production audiovisuelle sp\u00e9cialis\u00e9e dans le story-telling. Nos valeurs sont orient\u00e9es autour de trois piliers, histoires, rencontres, lieux, qui sont selon nous l&#039;essence m\u00eame du contenu visuel et de la narration. Nous sommes l\u00e0 pour donner vie visuellement \u00e0 votre concept.\",\"publisher\":{\"@id\":\"https:\\\/\\\/athastudio.com\\\/#organization\"},\"potentialAction\":[{\"@type\":\"SearchAction\",\"target\":{\"@type\":\"EntryPoint\",\"urlTemplate\":\"https:\\\/\\\/athastudio.com\\\/?s={search_term_string}\"},\"query-input\":{\"@type\":\"PropertyValueSpecification\",\"valueRequired\":true,\"valueName\":\"search_term_string\"}}],\"inLanguage\":\"fr-FR\"},{\"@type\":\"Organization\",\"@id\":\"https:\\\/\\\/athastudio.com\\\/#organization\",\"name\":\"ATHA Studio\",\"url\":\"https:\\\/\\\/athastudio.com\\\/\",\"logo\":{\"@type\":\"ImageObject\",\"inLanguage\":\"fr-FR\",\"@id\":\"https:\\\/\\\/athastudio.com\\\/#\\\/schema\\\/logo\\\/image\\\/\",\"url\":\"https:\\\/\\\/i0.wp.com\\\/athastudio.com\\\/wp-content\\\/uploads\\\/2023\\\/01\\\/atha-logo-set-web10-1.png?fit=800%2C467&ssl=1\",\"contentUrl\":\"https:\\\/\\\/i0.wp.com\\\/athastudio.com\\\/wp-content\\\/uploads\\\/2023\\\/01\\\/atha-logo-set-web10-1.png?fit=800%2C467&ssl=1\",\"width\":800,\"height\":467,\"caption\":\"ATHA Studio\"},\"image\":{\"@id\":\"https:\\\/\\\/athastudio.com\\\/#\\\/schema\\\/logo\\\/image\\\/\"},\"sameAs\":[\"https:\\\/\\\/www.instagram.com\\\/atha_studio\\\/\"]}]}<\/script>\n<!-- \/ Yoast SEO plugin. -->","yoast_head_json":{"title":"About Us -","robots":{"index":"index","follow":"follow","max-snippet":"max-snippet:-1","max-image-preview":"max-image-preview:large","max-video-preview":"max-video-preview:-1"},"canonical":"https:\/\/athastudio.com\/fr\/about-us\/","og_locale":"fr_FR","og_type":"article","og_title":"About Us -","og_description":"ATHA Studio ATHA is the first word used by Patanjali in the Yoga Sutras, which is the reference book when talking about Yoga philosophy. It means &#8220;now&#8221;, it is an invitation to be present in the &#8216;here&#8217; and &#8216;now&#8217;. The concept of &#8220;now&#8221; to us is an expression of our connection with our clients, story [&hellip;]","og_url":"https:\/\/athastudio.com\/fr\/about-us\/","article_modified_time":"2024-07-24T13:37:52+00:00","og_image":[{"url":"https:\/\/athastudio.com\/wp-content\/uploads\/2023\/02\/dscf2300.jpg","type":"","width":"","height":""}],"twitter_card":"summary_large_image","twitter_misc":{"Dur\u00e9e de lecture estim\u00e9e":"3 minutes"},"schema":{"@context":"https:\/\/schema.org","@graph":[{"@type":"WebPage","@id":"https:\/\/athastudio.com\/fr\/about-us\/","url":"https:\/\/athastudio.com\/fr\/about-us\/","name":"About Us -","isPartOf":{"@id":"https:\/\/athastudio.com\/#website"},"primaryImageOfPage":{"@id":"https:\/\/athastudio.com\/fr\/about-us\/#primaryimage"},"image":{"@id":"https:\/\/athastudio.com\/fr\/about-us\/#primaryimage"},"thumbnailUrl":"https:\/\/athastudio.com\/wp-content\/uploads\/2023\/02\/dscf2300.jpg","datePublished":"2022-10-10T16:32:13+00:00","dateModified":"2024-07-24T13:37:52+00:00","breadcrumb":{"@id":"https:\/\/athastudio.com\/fr\/about-us\/#breadcrumb"},"inLanguage":"fr-FR","potentialAction":[{"@type":"ReadAction","target":["https:\/\/athastudio.com\/fr\/about-us\/"]}]},{"@type":"ImageObject","inLanguage":"fr-FR","@id":"https:\/\/athastudio.com\/fr\/about-us\/#primaryimage","url":"https:\/\/athastudio.com\/wp-content\/uploads\/2023\/02\/dscf2300.jpg","contentUrl":"https:\/\/athastudio.com\/wp-content\/uploads\/2023\/02\/dscf2300.jpg"},{"@type":"BreadcrumbList","@id":"https:\/\/athastudio.com\/fr\/about-us\/#breadcrumb","itemListElement":[{"@type":"ListItem","position":1,"name":"Home","item":"https:\/\/athastudio.com\/"},{"@type":"ListItem","position":2,"name":"About Us"}]},{"@type":"WebSite","@id":"https:\/\/athastudio.com\/#website","url":"https:\/\/athastudio.com\/","name":"ATHA Studio","description":"ATHA Studio est une soci\u00e9t\u00e9 de production audiovisuelle sp\u00e9cialis\u00e9e dans le story-telling. Nos valeurs sont orient\u00e9es autour de trois piliers, histoires, rencontres, lieux, qui sont selon nous l&#039;essence m\u00eame du contenu visuel et de la narration. Nous sommes l\u00e0 pour donner vie visuellement \u00e0 votre concept.","publisher":{"@id":"https:\/\/athastudio.com\/#organization"},"potentialAction":[{"@type":"SearchAction","target":{"@type":"EntryPoint","urlTemplate":"https:\/\/athastudio.com\/?s={search_term_string}"},"query-input":{"@type":"PropertyValueSpecification","valueRequired":true,"valueName":"search_term_string"}}],"inLanguage":"fr-FR"},{"@type":"Organization","@id":"https:\/\/athastudio.com\/#organization","name":"ATHA Studio","url":"https:\/\/athastudio.com\/","logo":{"@type":"ImageObject","inLanguage":"fr-FR","@id":"https:\/\/athastudio.com\/#\/schema\/logo\/image\/","url":"https:\/\/i0.wp.com\/athastudio.com\/wp-content\/uploads\/2023\/01\/atha-logo-set-web10-1.png?fit=800%2C467&ssl=1","contentUrl":"https:\/\/i0.wp.com\/athastudio.com\/wp-content\/uploads\/2023\/01\/atha-logo-set-web10-1.png?fit=800%2C467&ssl=1","width":800,"height":467,"caption":"ATHA Studio"},"image":{"@id":"https:\/\/athastudio.com\/#\/schema\/logo\/image\/"},"sameAs":["https:\/\/www.instagram.com\/atha_studio\/"]}]}},"jetpack_likes_enabled":null,"jetpack_sharing_enabled":false,"jetpack_shortlink":"https:\/\/wp.me\/PeiIJ1-4","jetpack-related-posts":[],"_links":{"self":[{"href":"https:\/\/athastudio.com\/fr\/wp-json\/wp\/v2\/pages\/4","targetHints":{"allow":["GET"]}}],"collection":[{"href":"https:\/\/athastudio.com\/fr\/wp-json\/wp\/v2\/pages"}],"about":[{"href":"https:\/\/athastudio.com\/fr\/wp-json\/wp\/v2\/types\/page"}],"author":[{"embeddable":true,"href":"https:\/\/athastudio.com\/fr\/wp-json\/wp\/v2\/users\/226937930"}],"replies":[{"embeddable":true,"href":"https:\/\/athastudio.com\/fr\/wp-json\/wp\/v2\/comments?post=4"}],"version-history":[{"count":39,"href":"https:\/\/athastudio.com\/fr\/wp-json\/wp\/v2\/pages\/4\/revisions"}],"predecessor-version":[{"id":1860,"href":"https:\/\/athastudio.com\/fr\/wp-json\/wp\/v2\/pages\/4\/revisions\/1860"}],"wp:attachment":[{"href":"https:\/\/athastudio.com\/fr\/wp-json\/wp\/v2\/media?parent=4"}],"curies":[{"name":"wp","href":"https:\/\/api.w.org\/{rel}","templated":true}]}}